{"id":38867,"date":"2023-10-09T15:13:01","date_gmt":"2023-10-09T13:13:01","guid":{"rendered":"https:\/\/lexia.studioup.site\/arbeiten-sie-mit-uns\/"},"modified":"2024-02-06T13:52:54","modified_gmt":"2024-02-06T11:52:54","slug":"arbeiten-sie-mit-uns","status":"publish","type":"page","link":"https:\/\/www.lexia.it\/de\/arbeiten-sie-mit-uns\/","title":{"rendered":"Arbeiten Sie mit uns"},"content":{"rendered":"\n<p><\/p>\n\n<p>Leidenschaft, Zusammenarbeit und Innovation sind die S\u00e4ulen, auf denen der Erfolg des Unternehmens beruht. Fachleute und Spezialisten, die sich Lexia anschlie\u00dfen, haben die M\u00f6glichkeit, mit Talenten aus verschiedenen Disziplinen zusammenzuarbeiten, um komplexe Herausforderungen zu bew\u00e4ltigen und innovative L\u00f6sungen zu entwickeln.<br\/><\/p>\n\n<p>Bei Lexia wollen wir ein dynamisches Umfeld schaffen, in dem die pers\u00f6nliche und berufliche Entwicklung im Mittelpunkt steht. Unsere horizontale, disziplin\u00fcbergreifende Struktur erleichtert die Interaktion zwischen den verschiedenen Teams und erm\u00f6glicht die Erweiterung der multidisziplin\u00e4ren F\u00e4higkeiten und ein schnelles berufliches Wachstum.<br\/><\/p>\n\n<p>Wir sind st\u00e4ndig auf der Suche nach leidenschaftlichen Fachleuten, die entschlossen sind, Spitzenleistungen zu erbringen.<br\/>St\u00f6bern Sie in den offenen Stellen oder senden Sie Ihre Initiativbewerbung.<\/p>\n","protected":false},"excerpt":{"rendered":"<p>Leidenschaft, Zusammenarbeit und Innovation sind die S\u00e4ulen, auf denen der Erfolg des Unternehmens beruht. Fachleute und Spezialisten, die sich Lexia anschlie\u00dfen, haben die M\u00f6glichkeit, mit Talenten aus verschiedenen Disziplinen zusammenzuarbeiten, um komplexe Herausforderungen zu bew\u00e4ltigen und innovative L\u00f6sungen zu entwickeln. Bei Lexia wollen wir ein dynamisches Umfeld schaffen, in dem die pers\u00f6nliche und berufliche Entwicklung &hellip; <a href=\"https:\/\/www.lexia.it\/de\/arbeiten-sie-mit-uns\/\">Continued<\/a><\/p>\n","protected":false},"author":10,"featured_media":0,"parent":0,"menu_order":0,"comment_status":"closed","ping_status":"closed","template":"template-lavora-con-noi.blade.php","meta":{"inline_featured_image":false,"footnotes":""},"class_list":["post-38867","page","type-page","status-publish","hentry"],"acf":[],"yoast_head":"<!-- This site is optimized with the Yoast SEO plugin v25.8 - https:\/\/yoast.com\/wordpress\/plugins\/seo\/ -->\n<title>Arbeiten Sie mit uns - LEXIA<\/title>\n<meta name=\"robots\" content=\"index, follow, max-snippet:-1, max-image-preview:large, max-video-preview:-1\" \/>\n<link rel=\"canonical\" href=\"https:\/\/www.lexia.it\/de\/arbeiten-sie-mit-uns\/\" \/>\n<meta property=\"og:locale\" content=\"de_DE\" \/>\n<meta property=\"og:type\" content=\"article\" \/>\n<meta property=\"og:title\" content=\"Arbeiten Sie mit uns - LEXIA\" \/>\n<meta property=\"og:description\" content=\"Leidenschaft, Zusammenarbeit und Innovation sind die S\u00e4ulen, auf denen der Erfolg des Unternehmens beruht. Fachleute und Spezialisten, die sich Lexia anschlie\u00dfen, haben die M\u00f6glichkeit, mit Talenten aus verschiedenen Disziplinen zusammenzuarbeiten, um komplexe Herausforderungen zu bew\u00e4ltigen und innovative L\u00f6sungen zu entwickeln. Bei Lexia wollen wir ein dynamisches Umfeld schaffen, in dem die pers\u00f6nliche und berufliche Entwicklung &hellip; Continued\" \/>\n<meta property=\"og:url\" content=\"https:\/\/www.lexia.it\/de\/arbeiten-sie-mit-uns\/\" \/>\n<meta property=\"og:site_name\" content=\"LEXIA\" \/>\n<meta property=\"article:modified_time\" content=\"2024-02-06T11:52:54+00:00\" \/>\n<meta name=\"twitter:card\" content=\"summary_large_image\" \/>\n<meta name=\"twitter:label1\" content=\"Gesch\u00e4tzte Lesezeit\" \/>\n\t<meta name=\"twitter:data1\" content=\"1\u00a0Minute\" \/>\n<script type=\"application\/ld+json\" class=\"yoast-schema-graph\">{\"@context\":\"https:\/\/schema.org\",\"@graph\":[{\"@type\":\"WebPage\",\"@id\":\"https:\/\/www.lexia.it\/de\/arbeiten-sie-mit-uns\/\",\"url\":\"https:\/\/www.lexia.it\/de\/arbeiten-sie-mit-uns\/\",\"name\":\"Arbeiten Sie mit uns - LEXIA\",\"isPartOf\":{\"@id\":\"https:\/\/www.lexia.it\/#website\"},\"datePublished\":\"2023-10-09T13:13:01+00:00\",\"dateModified\":\"2024-02-06T11:52:54+00:00\",\"breadcrumb\":{\"@id\":\"https:\/\/www.lexia.it\/de\/arbeiten-sie-mit-uns\/#breadcrumb\"},\"inLanguage\":\"de\",\"potentialAction\":[{\"@type\":\"ReadAction\",\"target\":[\"https:\/\/www.lexia.it\/de\/arbeiten-sie-mit-uns\/\"]}]},{\"@type\":\"BreadcrumbList\",\"@id\":\"https:\/\/www.lexia.it\/de\/arbeiten-sie-mit-uns\/#breadcrumb\",\"itemListElement\":[{\"@type\":\"ListItem\",\"position\":1,\"name\":\"Home\",\"item\":\"https:\/\/www.lexia.it\/de\/\"},{\"@type\":\"ListItem\",\"position\":2,\"name\":\"Arbeiten Sie mit uns\"}]},{\"@type\":\"WebSite\",\"@id\":\"https:\/\/www.lexia.it\/#website\",\"url\":\"https:\/\/www.lexia.it\/\",\"name\":\"LEXIA\",\"description\":\"\",\"potentialAction\":[{\"@type\":\"SearchAction\",\"target\":{\"@type\":\"EntryPoint\",\"urlTemplate\":\"https:\/\/www.lexia.it\/?s={search_term_string}\"},\"query-input\":{\"@type\":\"PropertyValueSpecification\",\"valueRequired\":true,\"valueName\":\"search_term_string\"}}],\"inLanguage\":\"de\"}]}<\/script>\n<!-- \/ Yoast SEO plugin. -->","yoast_head_json":{"title":"Arbeiten Sie mit uns - LEXIA","robots":{"index":"index","follow":"follow","max-snippet":"max-snippet:-1","max-image-preview":"max-image-preview:large","max-video-preview":"max-video-preview:-1"},"canonical":"https:\/\/www.lexia.it\/de\/arbeiten-sie-mit-uns\/","og_locale":"de_DE","og_type":"article","og_title":"Arbeiten Sie mit uns - LEXIA","og_description":"Leidenschaft, Zusammenarbeit und Innovation sind die S\u00e4ulen, auf denen der Erfolg des Unternehmens beruht. Fachleute und Spezialisten, die sich Lexia anschlie\u00dfen, haben die M\u00f6glichkeit, mit Talenten aus verschiedenen Disziplinen zusammenzuarbeiten, um komplexe Herausforderungen zu bew\u00e4ltigen und innovative L\u00f6sungen zu entwickeln. Bei Lexia wollen wir ein dynamisches Umfeld schaffen, in dem die pers\u00f6nliche und berufliche Entwicklung &hellip; Continued","og_url":"https:\/\/www.lexia.it\/de\/arbeiten-sie-mit-uns\/","og_site_name":"LEXIA","article_modified_time":"2024-02-06T11:52:54+00:00","twitter_card":"summary_large_image","twitter_misc":{"Gesch\u00e4tzte Lesezeit":"1\u00a0Minute"},"schema":{"@context":"https:\/\/schema.org","@graph":[{"@type":"WebPage","@id":"https:\/\/www.lexia.it\/de\/arbeiten-sie-mit-uns\/","url":"https:\/\/www.lexia.it\/de\/arbeiten-sie-mit-uns\/","name":"Arbeiten Sie mit uns - LEXIA","isPartOf":{"@id":"https:\/\/www.lexia.it\/#website"},"datePublished":"2023-10-09T13:13:01+00:00","dateModified":"2024-02-06T11:52:54+00:00","breadcrumb":{"@id":"https:\/\/www.lexia.it\/de\/arbeiten-sie-mit-uns\/#breadcrumb"},"inLanguage":"de","potentialAction":[{"@type":"ReadAction","target":["https:\/\/www.lexia.it\/de\/arbeiten-sie-mit-uns\/"]}]},{"@type":"BreadcrumbList","@id":"https:\/\/www.lexia.it\/de\/arbeiten-sie-mit-uns\/#breadcrumb","itemListElement":[{"@type":"ListItem","position":1,"name":"Home","item":"https:\/\/www.lexia.it\/de\/"},{"@type":"ListItem","position":2,"name":"Arbeiten Sie mit uns"}]},{"@type":"WebSite","@id":"https:\/\/www.lexia.it\/#website","url":"https:\/\/www.lexia.it\/","name":"LEXIA","description":"","potentialAction":[{"@type":"SearchAction","target":{"@type":"EntryPoint","urlTemplate":"https:\/\/www.lexia.it\/?s={search_term_string}"},"query-input":{"@type":"PropertyValueSpecification","valueRequired":true,"valueName":"search_term_string"}}],"inLanguage":"de"}]}},"_links":{"self":[{"href":"https:\/\/www.lexia.it\/de\/wp-json\/wp\/v2\/pages\/38867","targetHints":{"allow":["GET"]}}],"collection":[{"href":"https:\/\/www.lexia.it\/de\/wp-json\/wp\/v2\/pages"}],"about":[{"href":"https:\/\/www.lexia.it\/de\/wp-json\/wp\/v2\/types\/page"}],"author":[{"embeddable":true,"href":"https:\/\/www.lexia.it\/de\/wp-json\/wp\/v2\/users\/10"}],"replies":[{"embeddable":true,"href":"https:\/\/www.lexia.it\/de\/wp-json\/wp\/v2\/comments?post=38867"}],"version-history":[{"count":7,"href":"https:\/\/www.lexia.it\/de\/wp-json\/wp\/v2\/pages\/38867\/revisions"}],"predecessor-version":[{"id":40881,"href":"https:\/\/www.lexia.it\/de\/wp-json\/wp\/v2\/pages\/38867\/revisions\/40881"}],"wp:attachment":[{"href":"https:\/\/www.lexia.it\/de\/wp-json\/wp\/v2\/media?parent=38867"}],"curies":[{"name":"wp","href":"https:\/\/api.w.org\/{rel}","templated":true}]}}