{"id":61772,"date":"2025-10-21T10:13:43","date_gmt":"2025-10-21T08:13:43","guid":{"rendered":"https:\/\/www.lexia.it\/?page_id=61772"},"modified":"2026-01-28T18:45:59","modified_gmt":"2026-01-28T16:45:59","slug":"private","status":"publish","type":"page","link":"https:\/\/www.lexia.it\/de\/private\/","title":{"rendered":"PRIVATE"},"content":{"rendered":"\n<p><strong>LEXIA Private<\/strong> ist die spezialisierte Praxis von LEXIA, die geschaffen wurde, um die einzigartigen Bed\u00fcrfnisse von Einzelpersonen, HNWIs, Ultra-HNWIs und Familien bei der Verwaltung, dem Schutz und der Weitergabe von Privatverm\u00f6gen zu erf\u00fcllen.<\/p>\n\n\n\n<p>LEXIA Private entstand als Antwort auf die wachsende Nachfrage nach einem hochspezialisierten und ganzheitlichen Service, der rechtliche, strategische und pers\u00f6nliche \u00dcberlegungen koh\u00e4rent integriert. Diese Abteilung spiegelt die Vision unserer Kanzlei wider, nicht nur Unternehmens- und institutionelle Dienstleistungen anzubieten, sondern auch Privatkunden in den entscheidenden Phasen ihres pers\u00f6nlichen und famili\u00e4ren Lebens zu begleiten. Die Bed\u00fcrfnisse unserer Mandanten sind oft eng mit gesch\u00e4ftlichen, erbrechtlichen und internationalen Mobilit\u00e4tsfragen verkn\u00fcpft \u2013 LEXIA Private wurde entwickelt, um diesen komplexen Dynamiken gerecht zu werden.<\/p>\n\n\n\n<p>Unter der Leitung von <strong>Elmira Shahbazi<\/strong>, Managing Director von LEXIA Private, begegnet unser interdisziplin\u00e4res Team jeder Situation mit einer langfristigen Perspektive, die nicht nur auf den Schutz und die Wertsteigerung des Verm\u00f6gens, sondern auch auf die Bewahrung famili\u00e4rer Werte und die Entwicklung ma\u00dfgeschneiderter L\u00f6sungen abzielt. Dank ihrer F\u00fchrung und internationalen Erfahrung hat Elmira Shahbazi LEXIA Private zu einer Realit\u00e4t geformt, die in der Lage ist, konkrete und hochqualifizierte Unterst\u00fctzung bei sensiblen und komplexen Fragestellungen zu bieten \u2013 sowohl auf pers\u00f6nlicher als auch unternehmerischer Ebene.<\/p>\n\n\n\n<h3 class=\"wp-block-heading\">Unsere Fachbereiche<\/h3>\n\n\n\n<ul class=\"wp-block-list\">\n<li><a href=\"https:\/\/www.lexia.it\/de\/competenza\/vermoegensverwaltung-vertrauen\/\"><\/a><a href=\"https:\/\/www.lexia.it\/de\/competenza\/vermoegensverwaltung-vertrauen\/\">Verm\u00f6gensverwaltung und Vertrauen<\/a><\/li>\n\n\n\n<li><a href=\"https:\/\/www.lexia.it\/de\/competenza\/immobilien-vermoegensverwaltung\/\">Immobilien und Verm\u00f6gensverwaltung<\/a><\/li>\n\n\n\n<li><a href=\"https:\/\/www.lexia.it\/de\/competenza\/globale-mobilitaet-visa-relocation\/\"><\/a><a href=\"https:\/\/www.lexia.it\/de\/competenza\/globale-mobilitaet-visa-relocation\/\">Globale Mobilit\u00e4t, Visa &amp; Relocation<\/a><\/li>\n\n\n\n<li><a href=\"https:\/\/www.lexia.it\/de\/competenza\/nachlass-familie-erbschaft\/\"><\/a><a href=\"https:\/\/www.lexia.it\/de\/competenza\/nachlass-familie-erbschaft\/\">Nachlass, Familie &amp; Erbschaft<\/a><\/li>\n\n\n\n<li><a href=\"https:\/\/www.lexia.it\/de\/competenza\/kunstrecht\/\">Kunstrecht<\/a><\/li>\n\n\n\n<li><a href=\"https:\/\/www.lexia.it\/de\/competenza\/private-streitigkeiten-strafrecht\/\">Private Streitigkeiten Und Strafrecht<\/a><\/li>\n\n\n\n<li><a href=\"https:\/\/www.lexia.it\/de\/competenza\/vessels-aircraft\/\"><\/a><a href=\"https:\/\/www.lexia.it\/de\/competenza\/vessels-aircraft\/\">Vessels und Aircraft<\/a><\/li>\n<\/ul>\n\n\n\n<h3 class=\"wp-block-heading\">Ganzheitlicher Ansatz<\/h3>\n\n\n\n<p>Bei LEXIA Private sind wir \u00fcberzeugt, dass jeder Mandant einen pers\u00f6nlichen Ansatz verdient, der seine Geschichte respektiert, seine Zukunft antizipiert und seine Werte widerspiegelt. Unsere Dienstleistungen basieren auf Vertrauen, technischer Exzellenz und einem wirklich pers\u00f6nlichen Ansatz, um sicherzustellen, dass die Interessen unserer Mandanten stets an erster Stelle stehen.<\/p>\n\n\n\n<h3 class=\"wp-block-heading\">Lokale und internationale Kompetenz<\/h3>\n\n\n\n<p>LEXIA Private zeichnet sich durch die F\u00e4higkeit aus, in einem internationalen Umfeld zu agieren und gleichzeitig eine solide lokale Expertise zu bewahren. Mit einem Team hochspezialisierter Fachleute bieten wir integrierte und koordinierte rechtliche Unterst\u00fctzung in mehreren Rechtsordnungen und entwickeln ma\u00dfgeschneiderte L\u00f6sungen, die den spezifischen Bed\u00fcrfnissen jedes Mandanten entsprechen.<\/p>\n\n\n\n<p>Unser Netzwerk von erstklassigen Partnern \u2013 bestehend aus Anwaltskanzleien, Steuerberatern und anderen vertrauensw\u00fcrdigen Fachleuten in ganz Europa und dar\u00fcber hinaus \u2013 erm\u00f6glicht es uns, auch die komplexesten rechtlichen Situationen, die mehrere Rechtsordnungen betreffen, effizient zu bew\u00e4ltigen. Durch dieses internationale Netzwerk bieten wir nahtlose und koh\u00e4rente Unterst\u00fctzung in den Bereichen Verm\u00f6gensplanung, internationales Erbrecht, grenz\u00fcberschreitende Steuerfragen, globale Investitionsverwaltung und Immobilientransaktionen in verschiedenen L\u00e4ndern.<\/p>\n\n\n\n<p>Unsere Erfahrung mit komplexen rechtlichen Rahmenbedingungen \u2013 von Steuervorschriften bis hin zu Regelungen \u00fcber den Transfer von Verm\u00f6genswerten \u00fcber nationale Grenzen hinweg \u2013 erm\u00f6glicht es uns, rechtliche und steuerliche Strukturen zu entwerfen und umzusetzen, die das Verm\u00f6gen unserer Mandanten sch\u00fctzen, Risiken minimieren und Chancen optimieren \u2013 stets im Einklang mit den geltenden internationalen Vorschriften. Dar\u00fcber hinaus erlaubt uns unsere fundierte Kenntnis des italienischen Rechtssystems, einen ma\u00dfgeschneiderten Service anzubieten, der lokale und internationale Aspekte perfekt integriert und so effektive und sichere L\u00f6sungen gew\u00e4hrleistet.<\/p>\n\n\n\n<p>Auf diese Weise unterst\u00fctzt <strong>LEXIA Private<\/strong> seine Mandanten mit Kompetenz und Diskretion, begegnet globalen Herausforderungen, ohne jemals die Aufmerksamkeit f\u00fcr Details oder den lokalen Kontext zu verlieren, und bietet schnelle und wirksame Antworten in jeder Situation.<\/p>\n\n\n\n<p><a href=\"https:\/\/www.flipsnack.com\/FB5FFFD6AED\/lexia-private\">Bl\u00e4ttere durch die Brosch\u00fcre ><\/a><\/p>\n\n\n\n<p><\/p>\n","protected":false},"excerpt":{"rendered":"<p>LEXIA Private ist die spezialisierte Praxis von LEXIA, die geschaffen wurde, um die einzigartigen Bed\u00fcrfnisse von Einzelpersonen, HNWIs, Ultra-HNWIs und Familien bei der Verwaltung, dem Schutz und der Weitergabe von Privatverm\u00f6gen zu erf\u00fcllen. LEXIA Private entstand als Antwort auf die wachsende Nachfrage nach einem hochspezialisierten und ganzheitlichen Service, der rechtliche, strategische und pers\u00f6nliche \u00dcberlegungen koh\u00e4rent &hellip; <a href=\"https:\/\/www.lexia.it\/de\/private\/\">Continued<\/a><\/p>\n","protected":false},"author":12,"featured_media":0,"parent":0,"menu_order":0,"comment_status":"closed","ping_status":"closed","template":"template-pagina-con-team.blade.php","meta":{"inline_featured_image":false,"footnotes":""},"class_list":["post-61772","page","type-page","status-publish","hentry"],"acf":[],"yoast_head":"<!-- This site is optimized with the Yoast SEO plugin v25.8 - https:\/\/yoast.com\/wordpress\/plugins\/seo\/ -->\n<title>PRIVATE - LEXIA<\/title>\n<meta name=\"robots\" content=\"index, follow, max-snippet:-1, max-image-preview:large, max-video-preview:-1\" \/>\n<link rel=\"canonical\" href=\"https:\/\/www.lexia.it\/de\/private\/\" \/>\n<meta property=\"og:locale\" content=\"de_DE\" \/>\n<meta property=\"og:type\" content=\"article\" \/>\n<meta property=\"og:title\" content=\"PRIVATE - LEXIA\" \/>\n<meta property=\"og:description\" content=\"LEXIA Private ist die spezialisierte Praxis von LEXIA, die geschaffen wurde, um die einzigartigen Bed\u00fcrfnisse von Einzelpersonen, HNWIs, Ultra-HNWIs und Familien bei der Verwaltung, dem Schutz und der Weitergabe von Privatverm\u00f6gen zu erf\u00fcllen. LEXIA Private entstand als Antwort auf die wachsende Nachfrage nach einem hochspezialisierten und ganzheitlichen Service, der rechtliche, strategische und pers\u00f6nliche \u00dcberlegungen koh\u00e4rent &hellip; Continued\" \/>\n<meta property=\"og:url\" content=\"https:\/\/www.lexia.it\/de\/private\/\" \/>\n<meta property=\"og:site_name\" content=\"LEXIA\" \/>\n<meta property=\"article:modified_time\" content=\"2026-01-28T16:45:59+00:00\" \/>\n<meta name=\"twitter:card\" content=\"summary_large_image\" \/>\n<meta name=\"twitter:label1\" content=\"Gesch\u00e4tzte Lesezeit\" \/>\n\t<meta name=\"twitter:data1\" content=\"3\u00a0Minuten\" \/>\n<script type=\"application\/ld+json\" class=\"yoast-schema-graph\">{\"@context\":\"https:\/\/schema.org\",\"@graph\":[{\"@type\":\"WebPage\",\"@id\":\"https:\/\/www.lexia.it\/de\/private\/\",\"url\":\"https:\/\/www.lexia.it\/de\/private\/\",\"name\":\"PRIVATE - LEXIA\",\"isPartOf\":{\"@id\":\"https:\/\/www.lexia.it\/#website\"},\"datePublished\":\"2025-10-21T08:13:43+00:00\",\"dateModified\":\"2026-01-28T16:45:59+00:00\",\"breadcrumb\":{\"@id\":\"https:\/\/www.lexia.it\/de\/private\/#breadcrumb\"},\"inLanguage\":\"de\",\"potentialAction\":[{\"@type\":\"ReadAction\",\"target\":[\"https:\/\/www.lexia.it\/de\/private\/\"]}]},{\"@type\":\"BreadcrumbList\",\"@id\":\"https:\/\/www.lexia.it\/de\/private\/#breadcrumb\",\"itemListElement\":[{\"@type\":\"ListItem\",\"position\":1,\"name\":\"Home\",\"item\":\"https:\/\/www.lexia.it\/de\/\"},{\"@type\":\"ListItem\",\"position\":2,\"name\":\"PRIVATE\"}]},{\"@type\":\"WebSite\",\"@id\":\"https:\/\/www.lexia.it\/#website\",\"url\":\"https:\/\/www.lexia.it\/\",\"name\":\"LEXIA\",\"description\":\"\",\"potentialAction\":[{\"@type\":\"SearchAction\",\"target\":{\"@type\":\"EntryPoint\",\"urlTemplate\":\"https:\/\/www.lexia.it\/?s={search_term_string}\"},\"query-input\":{\"@type\":\"PropertyValueSpecification\",\"valueRequired\":true,\"valueName\":\"search_term_string\"}}],\"inLanguage\":\"de\"}]}<\/script>\n<!-- \/ Yoast SEO plugin. -->","yoast_head_json":{"title":"PRIVATE - LEXIA","robots":{"index":"index","follow":"follow","max-snippet":"max-snippet:-1","max-image-preview":"max-image-preview:large","max-video-preview":"max-video-preview:-1"},"canonical":"https:\/\/www.lexia.it\/de\/private\/","og_locale":"de_DE","og_type":"article","og_title":"PRIVATE - LEXIA","og_description":"LEXIA Private ist die spezialisierte Praxis von LEXIA, die geschaffen wurde, um die einzigartigen Bed\u00fcrfnisse von Einzelpersonen, HNWIs, Ultra-HNWIs und Familien bei der Verwaltung, dem Schutz und der Weitergabe von Privatverm\u00f6gen zu erf\u00fcllen. LEXIA Private entstand als Antwort auf die wachsende Nachfrage nach einem hochspezialisierten und ganzheitlichen Service, der rechtliche, strategische und pers\u00f6nliche \u00dcberlegungen koh\u00e4rent &hellip; Continued","og_url":"https:\/\/www.lexia.it\/de\/private\/","og_site_name":"LEXIA","article_modified_time":"2026-01-28T16:45:59+00:00","twitter_card":"summary_large_image","twitter_misc":{"Gesch\u00e4tzte Lesezeit":"3\u00a0Minuten"},"schema":{"@context":"https:\/\/schema.org","@graph":[{"@type":"WebPage","@id":"https:\/\/www.lexia.it\/de\/private\/","url":"https:\/\/www.lexia.it\/de\/private\/","name":"PRIVATE - LEXIA","isPartOf":{"@id":"https:\/\/www.lexia.it\/#website"},"datePublished":"2025-10-21T08:13:43+00:00","dateModified":"2026-01-28T16:45:59+00:00","breadcrumb":{"@id":"https:\/\/www.lexia.it\/de\/private\/#breadcrumb"},"inLanguage":"de","potentialAction":[{"@type":"ReadAction","target":["https:\/\/www.lexia.it\/de\/private\/"]}]},{"@type":"BreadcrumbList","@id":"https:\/\/www.lexia.it\/de\/private\/#breadcrumb","itemListElement":[{"@type":"ListItem","position":1,"name":"Home","item":"https:\/\/www.lexia.it\/de\/"},{"@type":"ListItem","position":2,"name":"PRIVATE"}]},{"@type":"WebSite","@id":"https:\/\/www.lexia.it\/#website","url":"https:\/\/www.lexia.it\/","name":"LEXIA","description":"","potentialAction":[{"@type":"SearchAction","target":{"@type":"EntryPoint","urlTemplate":"https:\/\/www.lexia.it\/?s={search_term_string}"},"query-input":{"@type":"PropertyValueSpecification","valueRequired":true,"valueName":"search_term_string"}}],"inLanguage":"de"}]}},"_links":{"self":[{"href":"https:\/\/www.lexia.it\/de\/wp-json\/wp\/v2\/pages\/61772","targetHints":{"allow":["GET"]}}],"collection":[{"href":"https:\/\/www.lexia.it\/de\/wp-json\/wp\/v2\/pages"}],"about":[{"href":"https:\/\/www.lexia.it\/de\/wp-json\/wp\/v2\/types\/page"}],"author":[{"embeddable":true,"href":"https:\/\/www.lexia.it\/de\/wp-json\/wp\/v2\/users\/12"}],"replies":[{"embeddable":true,"href":"https:\/\/www.lexia.it\/de\/wp-json\/wp\/v2\/comments?post=61772"}],"version-history":[{"count":18,"href":"https:\/\/www.lexia.it\/de\/wp-json\/wp\/v2\/pages\/61772\/revisions"}],"predecessor-version":[{"id":65553,"href":"https:\/\/www.lexia.it\/de\/wp-json\/wp\/v2\/pages\/61772\/revisions\/65553"}],"wp:attachment":[{"href":"https:\/\/www.lexia.it\/de\/wp-json\/wp\/v2\/media?parent=61772"}],"curies":[{"name":"wp","href":"https:\/\/api.w.org\/{rel}","templated":true}]}}