{"id":39955,"date":"2023-10-09T15:23:07","date_gmt":"2023-10-09T13:23:07","guid":{"rendered":"https:\/\/lexia.studioup.site\/cookie-policy\/"},"modified":"2024-01-08T17:32:32","modified_gmt":"2024-01-08T15:32:32","slug":"cookie-policy","status":"publish","type":"page","link":"https:\/\/www.lexia.it\/es\/cookie-policy\/","title":{"rendered":"Cookie Policy"},"content":{"rendered":"\n<h2 class=\"wp-block-heading\">\u00bfQui\u00e9nes somos y qu\u00e9 hacemos con tus datos personales?<\/h2>\n\n<p>Lexia, con sede legal en Mil\u00e1n <a>Mil\u00e1n, via del Lauro 9, 20121, <\/a>c\u00f3digo fiscal 97882440585 (en adelante el &#8216;Titular&#8217;), en calidad de responsable del tratamiento, se preocupa por la confidencialidad de tus datos personales y se compromete a garantizarles la protecci\u00f3n necesaria ante cualquier evento que pueda ponerlos en riesgo de violaci\u00f3n.<\/p>\n\n<p>El Titular implementa pol\u00edticas y pr\u00e1cticas para la recopilaci\u00f3n y el uso de datos personales, as\u00ed como para el ejercicio de los derechos reconocidos por la normativa aplicable. El Titular se encarga de actualizar las pol\u00edticas y pr\u00e1cticas utilizadas para la protecci\u00f3n de los datos personales cada vez que sea necesario y, en todo caso, en caso de cambios normativos y organizativos que puedan afectar el tratamiento de tus datos personales.<\/p>\n\n<h2 class=\"wp-block-heading\">C\u00f3mo recopila y trata tus datos el Titular?<\/h2>\n\n<p>Las informaciones personales relacionadas contigo se tratar\u00e1n para:<\/p>\n\n<h3 class=\"wp-block-heading\">1) Navegaci\u00f3n en el sitio web:<\/h3>\n\n<p>Algunas operaciones pueden no llevarse a cabo sin el uso de <em>cookies<\/em>, que en algunos casos son t\u00e9cnicamente necesarios. En otros casos, el sitio utiliza cookies para facilitar la navegaci\u00f3n del usuario o permitir el uso de servicios espec\u00edficamente solicitados.<\/p>\n\n<p>Las <em>cookies<\/em> pueden permanecer en el sistema durante largos per\u00edodos y pueden contener un c\u00f3digo identificativo \u00fanico. Esto permite a los sitios rastrear la navegaci\u00f3n del usuario dentro del propio sitio, con fines estad\u00edsticos o publicitarios, es decir, crear un perfil personalizado del usuario basado en las p\u00e1ginas que ha visitado y mostrarle y\/o enviarle publicidad dirigida (llamado \u00abBehavioural Advertising\u00bb).<\/p>\n\n<h3 class=\"wp-block-heading\">2) La comunicaci\u00f3n a terceros y destinatarios<\/h3>\n\n<p>La comunicaci\u00f3n de tus datos personales se realiza principalmente hacia terceros y\/o destinatarios cuya actividad es necesaria para llevar a cabo las actividades relacionadas con los fines mencionados, y tambi\u00e9n para cumplir con ciertas obligaciones legales. Cualquier comunicaci\u00f3n que no est\u00e9 relacionada con dichos prop\u00f3sitos estar\u00e1 sujeta a tu consentimiento.<\/p>\n\n<p>En particular, tus datos se comunicar\u00e1n a terceros\/destinatarios para:<\/p>\n\n<ol class=\"wp-block-list\">\n<li>La prestaci\u00f3n del servicio (por ejemplo, proveedores de servicios inform\u00e1ticos);<\/li>\n\n\n\n<li>comunicaciones con la administraci\u00f3n financiera y entidades p\u00fablicas de supervisi\u00f3n y control, a las cuales el Titular debe cumplir con obligaciones espec\u00edficas derivadas de la naturaleza de la actividad realizada.<\/li>\n<\/ol>\n\n<p>Los datos personales que el Titular trata para este fin son:<\/p>\n\n<ul class=\"wp-block-list\">\n<li>datos de navegaci\u00f3n (direcci\u00f3n IP, URL).<\/li>\n<\/ul>\n\n<h3 class=\"wp-block-heading\">3) Motivos de seguridad inform\u00e1tica<\/h3>\n\n<p>El Titular trata, tambi\u00e9n a trav\u00e9s de sus proveedores (terceros y\/o destinatarios), tus datos personales (por ejemplo, direcci\u00f3n IP) o de tr\u00e1fico recopilados u obtenidos, en caso de servicios expuestos en el sitio web en la medida estrictamente necesaria y proporcional para garantizar la seguridad y la capacidad de una red o de los servidores conectados a ella para resistir, a un determinado nivel de seguridad, eventos imprevistos o actos il\u00edcitos o dolosos que comprometan la disponibilidad, autenticidad, integridad y confidencialidad de los datos personales almacenados o transmitidos.<\/p>\n\n<p>Para estos fines, el Titular establece procedimientos para la gesti\u00f3n de violaciones de datos personales (<em>data breach<\/em>).<\/p>\n\n<h2 class=\"wp-block-heading\">\u00bfQu\u00e9 son las cookies y para qu\u00e9 fines se pueden utilizar?<\/h2>\n\n<p>Una \u00ab<em>cookie<\/em>\u00bb es un peque\u00f1o archivo de texto creado por algunos sitios web en la computadora del usuario cuando accede a un sitio espec\u00edfico, con el objetivo de almacenar y transportar informaci\u00f3n. Las <em>cookies<\/em> son enviadas por un servidor web (que es la computadora en la que se ejecuta el sitio web visitado) al navegador del usuario (Internet Explorer, Mozilla Firefox, Google Chrome, etc.) y se almacenan en su computadora; luego, son reenviadas al sitio web en las visitas posteriores.<\/p>\n\n<p>Algunas operaciones pueden no realizarse sin el uso de cookies, que en algunos casos son t\u00e9cnicamente necesarios. En otros casos, el sitio utiliza <em>cookies<\/em> para facilitar la navegaci\u00f3n del usuario o permitirle utilizar servicios espec\u00edficamente solicitados.<\/p>\n\n<p>Las <em>cookies<\/em> pueden permanecer en el sistema durante largos per\u00edodos y pueden contener un c\u00f3digo identificativo \u00fanico. Esto permite a los sitios que los utilizan rastrear la navegaci\u00f3n del usuario dentro del mismo sitio web, con fines estad\u00edsticos o publicitarios, es decir, para crear un perfil personalizado del usuario basado en las p\u00e1ginas que ha visitado y mostrarle y\/o enviarle as\u00ed publicidad dirigida (conocida como <em>Behavioural Advertising<\/em>).<\/p>\n\n<h2 class=\"wp-block-heading\">Qu\u00e9 cookies se utilizan y para qu\u00e9 finalidades principales<\/h2>\n\n<p>El Titular presenta a continuaci\u00f3n las categor\u00edas espec\u00edficas de <em>cookies<\/em> utilizadas, su prop\u00f3sito y la consecuencia derivada de su deselecci\u00f3n:<\/p>\n\n<figure class=\"wp-block-table\"><table><tbody><tr><td><strong>Tipo de cookie<\/strong><\/td><td><strong>Primera\/Tercera parte<\/strong><\/td><td><strong>Prop\u00f3sito<\/strong><\/td><td><strong>Tiempo de conservaci\u00f3n<\/strong><\/td><td><strong>Consecuencias en caso de deselecci\u00f3n<\/strong><\/td><\/tr><tr><td rowspan=\"2\">Cookies t\u00e9cnicas<\/td><td>Primera parte<\/td><td rowspan=\"2\">Gesti\u00f3n del sitio web. Permiten el funcionamiento y la exploraci\u00f3n segura y eficiente del sitio web<\/td><td>Sesi\u00f3n 1 d\u00eda<\/td><td rowspan=\"2\">Son cookies necesarias para el uso del sitio web; si se bloquean, no se puede navegar por el sitio web<\/td><\/tr><tr><td>Terceros<\/td><td>Plazo determinado por el tercero<\/td><\/tr><tr><td>Cookies de funcionalidad<\/td><td>Terceros<\/td><td>Facilitar la navegaci\u00f3n y el servicio proporcionado al usuario en funci\u00f3n de una serie de criterios seleccionados por este \u00faltimo<\/td><td>Plazo determinado por el tercero<\/td><td>No se pueden mantener las elecciones realizadas por los usuarios durante la navegaci\u00f3n<\/td><\/tr><tr><td rowspan=\"2\">Cookie analytics<\/td><td>Primera parte<\/td><td rowspan=\"2\">Recopilan informaci\u00f3n de manera agregada sobre la navegaci\u00f3n de los usuarios para optimizar la experiencia de navegaci\u00f3n y los propios servicios<\/td><td>1 a\u00f1o<\/td><td rowspan=\"2\">El Titular ya no puede recopilar la informaci\u00f3n agregada<\/td><\/tr><tr><td>Terceros<\/td><td>Plazo determinado por el tercero<\/td><\/tr><tr><td>Cookies de perfilado<\/td><td>Terceros<\/td><td>Crean perfiles de usuario para enviar mensajes publicitarios en l\u00ednea con las preferencias manifestadas por el usuario durante la navegaci\u00f3n<\/td><td>Plazo determinado por el tercero<\/td><td>No es posible llevar a cabo actividades de perfilado para enviar mensajes publicitarios<\/td><\/tr><\/tbody><\/table><\/figure>\n\n<h2 class=\"wp-block-heading\">Cookies de terceros<\/h2>\n\n<p>En este sitio web tambi\u00e9n est\u00e1n operativas las cookies de terceros, es decir, cookies creadas por un sitio <em>web<\/em> diferente al que el usuario est\u00e1 visitando en ese momento.<\/p>\n\n<p>Para ver la lista completa y siempre actualizada de las cookies de terceros, desactivar y activar las cookies, consulta la p\u00e1gina de \u00abpreferencias de cookies\u00bb[inserire hyperlink alla pagina].<\/p>\n\n<h2 class=\"wp-block-heading\"> \u00bfQu\u00e9 sucede si no proporcionas tus datos?<\/h2>\n\n<p>Te invitamos a conocer las consecuencias de la desactivaci\u00f3n de las <em>cookies<\/em> individuales, tal como se indica en la tabla anterior.<\/p>\n\n<h2 class=\"wp-block-heading\">\u00bfC\u00f3mo, d\u00f3nde y por cu\u00e1nto tiempo se conservan tus datos?<\/h2>\n\n<h3 class=\"wp-block-heading\">C\u00f3mo tratamos tus datos<\/h3>\n\n<p>El tratamiento de datos personales se realiza mediante procedimientos inform\u00e1ticos por parte de personal interno debidamente autorizado y formado. Estos tienen acceso a tus datos personales en la medida y alcance necesario para realizar las actividades de tratamiento que te conciernen.<\/p>\n\n<p>El Titular verifica peri\u00f3dicamente los instrumentos mediante los cuales se tratan tus datos y las medidas de seguridad previstas para ellos, con una actualizaci\u00f3n constante; tambi\u00e9n verifica, a trav\u00e9s de los sujetos autorizados para el tratamiento, que no se recopilen, traten, archiven o conserven datos personales cuyo tratamiento no sea necesario; se asegura de que los datos se conserven con garant\u00eda de integridad y autenticidad, y que se utilicen para los fines de los tratamientos efectivamente realizados.<\/p>\n\n<h3 class=\"wp-block-heading\">D\u00f3nde tratamos tus datos<\/h3>\n\n<p>Los datos se almacenan en archivos inform\u00e1ticos y telem\u00e1ticos ubicados dentro del Espacio Econ\u00f3mico Europeo.<\/p>\n\n<p>Los datos personales (nombre, apellido, correo electr\u00f3nico, empresa) proporcionados para la suscripci\u00f3n al bolet\u00edn se almacenan en archivos inform\u00e1ticos y telem\u00e1ticos ubicados fuera del Espacio Econ\u00f3mico Europeo, espec\u00edficamente en EE. UU., gestionados por la plataforma Mailchimp. El Titular garantiza el cumplimiento de medidas de seguridad adecuadas. Para obtener m\u00e1s informaci\u00f3n, puedes escribir a privacy@lexia.it<\/p>\n\n<h3 class=\"wp-block-heading\">Durante cu\u00e1nto tiempo se tratan tus datos<\/h3>\n\n<p><em><strong>Cookies<\/strong><\/em>:<\/p>\n\n<p>Te invitamos a revisar los plazos de conservaci\u00f3n de datos personales como se indican en la tabla anterior.<\/p>\n\n<p><strong><em>Navegaci\u00f3n en el sitio web:<\/em><\/strong><\/p>\n\n<p>Los datos personales se conservan durante el tiempo necesario para permitir la navegaci\u00f3n en el sitio, a menos que se produzcan eventos que requieran la intervenci\u00f3n de las autoridades competentes. En colaboraci\u00f3n con terceros o destinatarios encargados de la seguridad inform\u00e1tica de los datos del Responsable, se realizan eventuales investigaciones sobre las causas que generaron el evento. Tambi\u00e9n se preservan para proteger los intereses del Responsable en relaci\u00f3n con una posible responsabilidad derivada del uso del sitio y sus servicios.<\/p>\n\n<h3 class=\"wp-block-heading\"><strong>\u00bfCu\u00e1les son tus derechos?<\/strong><\/h3>\n\n<p> En cualquier momento, de forma gratuita y sin costes ni requisitos especiales para tu solicitud, puedes:<\/p>\n\n<ul class=\"wp-block-list\">\n<li>obtener confirmaci\u00f3n del tratamiento realizado por el Titular;<\/li>\n\n\n\n<li>acceder a tus datos personales y conocer su origen (cuando los datos no se obtienen directamente de ti), los prop\u00f3sitos y objetivos del tratamiento, los datos de las personas a quienes se han comunicado, el per\u00edodo de conservaci\u00f3n de tus datos o los criterios utilizados para determinarlo;<\/li>\n\n\n\n<li>actualizar o corregir tus datos personales para que sean siempre precisos y correctos;<\/li>\n\n\n\n<li>eliminar tus datos personales de las bases de datos y\/o archivos, incluso de las copias de seguridad del Titular, en casos como cuando ya no sean necesarios para los fines del tratamiento o si se consideran il\u00edcitos, siempre y cuando existan las condiciones previstas por ley; y de todas formas, si el tratamiento no est\u00e1 justificado por otro motivo igualmente leg\u00edtimo;<\/li>\n\n\n\n<li>limitar el tratamiento de tus datos personales en ciertas circunstancias, por ejemplo, cuando hayas impugnado su exactitud, durante el tiempo necesario para que el Titular verifique su precisi\u00f3n. Debes ser informado en un plazo adecuado incluso cuando el per\u00edodo de suspensi\u00f3n haya concluido o la raz\u00f3n de la limitaci\u00f3n del tratamiento haya cesado y, por lo tanto, la limitaci\u00f3n haya sido revocada;<\/li>\n\n\n\n<li>obtener tus datos personales, si han sido recibidos o procesados por el Titular con tu consentimiento y\/o si su tratamiento se basa en un contrato y se realiza mediante medios automatizados, en formato electr\u00f3nico con el fin de transmitirlos a otro responsable del tratamiento.<\/li>\n<\/ul>\n\n<p>El Titular deber\u00e1 proceder en consecuencia sin demora y, en todo caso, a m\u00e1s tardar dentro de un mes desde la recepci\u00f3n de tu solicitud. El plazo puede prorrogarse dos meses, si es necesario, considerando la complejidad y el n\u00famero de solicitudes recibidas por el Titular. En esos casos, el Titular, dentro de un mes a partir de la recepci\u00f3n de tu solicitud, te informar\u00e1 sobre los motivos de la pr\u00f3rroga. Para ejercer tus derechos, escribe a privacy@lexia.it<\/p>\n\n<h2 class=\"wp-block-heading\">\u00bfC\u00f3mo y cu\u00e1ndo puedes oponerte al tratamiento de tus datos personales?<\/h2>\n\n<p>Por motivos relacionados con tu situaci\u00f3n espec\u00edfica, puedes oponerte en cualquier momento al procesamiento de tus datos personales si se basa en intereses leg\u00edtimos, enviando tu solicitud al Titular a la direcci\u00f3n privacy@lexia.it<\/p>\n\n<p>Hay tambi\u00e9n un derecho a la eliminaci\u00f3n de tus datos personales si no existe un motivo leg\u00edtimo que prevalezca sobre el motivo que origin\u00f3 tu solicitud.<\/p>\n\n<h2 class=\"wp-block-heading\">Puedes presentar una queja ante qui\u00e9n?<\/h2>\n\n<p>Salvo cualquier otra acci\u00f3n administrativa o judicial, puedes presentar una queja ante la autoridad de control competente o aquella que desempe\u00f1e sus funciones y ejerza sus poderes en Italia, donde tengas tu residencia habitual o trabajo, o, si es diferente, en el Estado miembro donde haya ocurrido la violaci\u00f3n del Reglamento (UE) 2016\/679 (GDPR).<\/p>\n","protected":false},"excerpt":{"rendered":"<p>\u00bfQui\u00e9nes somos y qu\u00e9 hacemos con tus datos personales? Lexia, con sede legal en Mil\u00e1n Mil\u00e1n, via del Lauro 9, 20121, c\u00f3digo fiscal 97882440585 (en adelante el &#8216;Titular&#8217;), en calidad de responsable del tratamiento, se preocupa por la confidencialidad de tus datos personales y se compromete a garantizarles la protecci\u00f3n necesaria ante cualquier evento que &hellip; <a href=\"https:\/\/www.lexia.it\/es\/cookie-policy\/\">Continued<\/a><\/p>\n","protected":false},"author":10,"featured_media":0,"parent":0,"menu_order":0,"comment_status":"closed","ping_status":"closed","template":"","meta":{"inline_featured_image":false,"footnotes":""},"class_list":["post-39955","page","type-page","status-publish","hentry"],"acf":[],"yoast_head":"<!-- This site is optimized with the Yoast SEO plugin v25.8 - https:\/\/yoast.com\/wordpress\/plugins\/seo\/ -->\n<title>Cookie Policy - LEXIA<\/title>\n<meta name=\"robots\" content=\"noindex, nofollow\" \/>\n<meta property=\"og:locale\" content=\"es_ES\" \/>\n<meta property=\"og:type\" content=\"article\" \/>\n<meta property=\"og:title\" content=\"Cookie Policy - LEXIA\" \/>\n<meta property=\"og:description\" content=\"\u00bfQui\u00e9nes somos y qu\u00e9 hacemos con tus datos personales? Lexia, con sede legal en Mil\u00e1n Mil\u00e1n, via del Lauro 9, 20121, c\u00f3digo fiscal 97882440585 (en adelante el &#8216;Titular&#8217;), en calidad de responsable del tratamiento, se preocupa por la confidencialidad de tus datos personales y se compromete a garantizarles la protecci\u00f3n necesaria ante cualquier evento que &hellip; Continued\" \/>\n<meta property=\"og:url\" content=\"https:\/\/www.lexia.it\/cookie-policy\/\" \/>\n<meta property=\"og:site_name\" content=\"LEXIA\" \/>\n<meta property=\"article:modified_time\" content=\"2024-01-08T15:32:32+00:00\" \/>\n<meta name=\"twitter:card\" content=\"summary_large_image\" \/>\n<meta name=\"twitter:label1\" content=\"Tiempo de lectura\" \/>\n\t<meta name=\"twitter:data1\" content=\"9 minutos\" \/>\n<script type=\"application\/ld+json\" class=\"yoast-schema-graph\">{\"@context\":\"https:\/\/schema.org\",\"@graph\":[{\"@type\":\"WebPage\",\"@id\":\"https:\/\/www.lexia.it\/cookie-policy\/\",\"url\":\"https:\/\/www.lexia.it\/cookie-policy\/\",\"name\":\"Cookie Policy - LEXIA\",\"isPartOf\":{\"@id\":\"https:\/\/www.lexia.it\/#website\"},\"datePublished\":\"2023-10-09T13:23:07+00:00\",\"dateModified\":\"2024-01-08T15:32:32+00:00\",\"breadcrumb\":{\"@id\":\"https:\/\/www.lexia.it\/cookie-policy\/#breadcrumb\"},\"inLanguage\":\"es\",\"potentialAction\":[{\"@type\":\"ReadAction\",\"target\":[\"https:\/\/www.lexia.it\/cookie-policy\/\"]}]},{\"@type\":\"BreadcrumbList\",\"@id\":\"https:\/\/www.lexia.it\/cookie-policy\/#breadcrumb\",\"itemListElement\":[{\"@type\":\"ListItem\",\"position\":1,\"name\":\"Home\",\"item\":\"https:\/\/www.lexia.it\/es\/\"},{\"@type\":\"ListItem\",\"position\":2,\"name\":\"Cookie Policy\"}]},{\"@type\":\"WebSite\",\"@id\":\"https:\/\/www.lexia.it\/#website\",\"url\":\"https:\/\/www.lexia.it\/\",\"name\":\"LEXIA\",\"description\":\"\",\"potentialAction\":[{\"@type\":\"SearchAction\",\"target\":{\"@type\":\"EntryPoint\",\"urlTemplate\":\"https:\/\/www.lexia.it\/?s={search_term_string}\"},\"query-input\":{\"@type\":\"PropertyValueSpecification\",\"valueRequired\":true,\"valueName\":\"search_term_string\"}}],\"inLanguage\":\"es\"}]}<\/script>\n<!-- \/ Yoast SEO plugin. -->","yoast_head_json":{"title":"Cookie Policy - LEXIA","robots":{"index":"noindex","follow":"nofollow"},"og_locale":"es_ES","og_type":"article","og_title":"Cookie Policy - LEXIA","og_description":"\u00bfQui\u00e9nes somos y qu\u00e9 hacemos con tus datos personales? Lexia, con sede legal en Mil\u00e1n Mil\u00e1n, via del Lauro 9, 20121, c\u00f3digo fiscal 97882440585 (en adelante el &#8216;Titular&#8217;), en calidad de responsable del tratamiento, se preocupa por la confidencialidad de tus datos personales y se compromete a garantizarles la protecci\u00f3n necesaria ante cualquier evento que &hellip; Continued","og_url":"https:\/\/www.lexia.it\/cookie-policy\/","og_site_name":"LEXIA","article_modified_time":"2024-01-08T15:32:32+00:00","twitter_card":"summary_large_image","twitter_misc":{"Tiempo de lectura":"9 minutos"},"schema":{"@context":"https:\/\/schema.org","@graph":[{"@type":"WebPage","@id":"https:\/\/www.lexia.it\/cookie-policy\/","url":"https:\/\/www.lexia.it\/cookie-policy\/","name":"Cookie Policy - LEXIA","isPartOf":{"@id":"https:\/\/www.lexia.it\/#website"},"datePublished":"2023-10-09T13:23:07+00:00","dateModified":"2024-01-08T15:32:32+00:00","breadcrumb":{"@id":"https:\/\/www.lexia.it\/cookie-policy\/#breadcrumb"},"inLanguage":"es","potentialAction":[{"@type":"ReadAction","target":["https:\/\/www.lexia.it\/cookie-policy\/"]}]},{"@type":"BreadcrumbList","@id":"https:\/\/www.lexia.it\/cookie-policy\/#breadcrumb","itemListElement":[{"@type":"ListItem","position":1,"name":"Home","item":"https:\/\/www.lexia.it\/es\/"},{"@type":"ListItem","position":2,"name":"Cookie Policy"}]},{"@type":"WebSite","@id":"https:\/\/www.lexia.it\/#website","url":"https:\/\/www.lexia.it\/","name":"LEXIA","description":"","potentialAction":[{"@type":"SearchAction","target":{"@type":"EntryPoint","urlTemplate":"https:\/\/www.lexia.it\/?s={search_term_string}"},"query-input":{"@type":"PropertyValueSpecification","valueRequired":true,"valueName":"search_term_string"}}],"inLanguage":"es"}]}},"_links":{"self":[{"href":"https:\/\/www.lexia.it\/es\/wp-json\/wp\/v2\/pages\/39955","targetHints":{"allow":["GET"]}}],"collection":[{"href":"https:\/\/www.lexia.it\/es\/wp-json\/wp\/v2\/pages"}],"about":[{"href":"https:\/\/www.lexia.it\/es\/wp-json\/wp\/v2\/types\/page"}],"author":[{"embeddable":true,"href":"https:\/\/www.lexia.it\/es\/wp-json\/wp\/v2\/users\/10"}],"replies":[{"embeddable":true,"href":"https:\/\/www.lexia.it\/es\/wp-json\/wp\/v2\/comments?post=39955"}],"version-history":[{"count":1,"href":"https:\/\/www.lexia.it\/es\/wp-json\/wp\/v2\/pages\/39955\/revisions"}],"predecessor-version":[{"id":39956,"href":"https:\/\/www.lexia.it\/es\/wp-json\/wp\/v2\/pages\/39955\/revisions\/39956"}],"wp:attachment":[{"href":"https:\/\/www.lexia.it\/es\/wp-json\/wp\/v2\/media?parent=39955"}],"curies":[{"name":"wp","href":"https:\/\/api.w.org\/{rel}","templated":true}]}}