{"id":39957,"date":"2023-10-09T15:13:01","date_gmt":"2023-10-09T13:13:01","guid":{"rendered":"https:\/\/lexia.studioup.site\/trabaja-con-nosotros\/"},"modified":"2025-02-17T18:42:59","modified_gmt":"2025-02-17T16:42:59","slug":"trabaja-con-nosotros","status":"publish","type":"page","link":"https:\/\/www.lexia.it\/es\/trabaja-con-nosotros\/","title":{"rendered":"Trabaja con nosotros"},"content":{"rendered":"\n<p><\/p>\n\n<p>La pasi\u00f3n, la colaboraci\u00f3n y la innovaci\u00f3n son los pilares en los que se basa el \u00e9xito de nuestro estudio. Los profesionales y especialistas que se unen a Lexia tienen la oportunidad de trabajar junto a talentos de diversas disciplinas, enfrentando desaf\u00edos complejos y desarrollando soluciones innovadoras.<br\/><\/p>\n\n<p>En Lexia, buscamos crear un entorno din\u00e1mico donde el crecimiento personal y profesional sean elementos centrales. Nuestra estructura horizontal y transversal fomenta la interacci\u00f3n entre los diferentes equipos, lo que permite ampliar las habilidades de manera multidisciplinaria y crecer profesionalmente de manera r\u00e1pida.<br\/><\/p>\n\n<p>Estamos constantemente en busca de profesionales apasionados y decididos a alcanzar la excelencia. Consulta las posiciones vacantes o env\u00eda tu solicitud espont\u00e1nea.<br\/>Consulta las posiciones abiertas o env\u00eda tu solicitud espont\u00e1nea.<\/p>\n","protected":false},"excerpt":{"rendered":"<p>La pasi\u00f3n, la colaboraci\u00f3n y la innovaci\u00f3n son los pilares en los que se basa el \u00e9xito de nuestro estudio. Los profesionales y especialistas que se unen a Lexia tienen la oportunidad de trabajar junto a talentos de diversas disciplinas, enfrentando desaf\u00edos complejos y desarrollando soluciones innovadoras. En Lexia, buscamos crear un entorno din\u00e1mico donde &hellip; <a href=\"https:\/\/www.lexia.it\/es\/trabaja-con-nosotros\/\">Continued<\/a><\/p>\n","protected":false},"author":10,"featured_media":0,"parent":0,"menu_order":0,"comment_status":"closed","ping_status":"closed","template":"template-lavora-con-noi.blade.php","meta":{"inline_featured_image":false,"footnotes":""},"class_list":["post-39957","page","type-page","status-publish","hentry"],"acf":[],"yoast_head":"<!-- This site is optimized with the Yoast SEO plugin v25.8 - https:\/\/yoast.com\/wordpress\/plugins\/seo\/ -->\n<title>Trabaja con nosotros - LEXIA<\/title>\n<meta name=\"description\" content=\"Pasi\u00f3n, colaboraci\u00f3n e innovaci\u00f3n son los pilares de Lexia. \u00danete a nuestro equipo y enfrenta desaf\u00edos complejos con soluciones innovadoras\" \/>\n<meta name=\"robots\" content=\"index, follow, max-snippet:-1, max-image-preview:large, max-video-preview:-1\" \/>\n<link rel=\"canonical\" href=\"https:\/\/www.lexia.it\/wp-admin\/post.php?post=39957&action=edit&lang=es\" \/>\n<meta property=\"og:locale\" content=\"es_ES\" \/>\n<meta property=\"og:type\" content=\"article\" \/>\n<meta property=\"og:title\" content=\"Trabaja con nosotros - LEXIA\" \/>\n<meta property=\"og:description\" content=\"Pasi\u00f3n, colaboraci\u00f3n e innovaci\u00f3n son los pilares de Lexia. \u00danete a nuestro equipo y enfrenta desaf\u00edos complejos con soluciones innovadoras\" \/>\n<meta property=\"og:url\" content=\"https:\/\/www.lexia.it\/wp-admin\/post.php?post=39957&amp;action=edit&amp;lang=es\" \/>\n<meta property=\"og:site_name\" content=\"LEXIA\" \/>\n<meta property=\"article:modified_time\" content=\"2025-02-17T16:42:59+00:00\" \/>\n<meta name=\"twitter:card\" content=\"summary_large_image\" \/>\n<meta name=\"twitter:label1\" content=\"Tiempo de lectura\" \/>\n\t<meta name=\"twitter:data1\" content=\"1 minuto\" \/>\n<script type=\"application\/ld+json\" class=\"yoast-schema-graph\">{\"@context\":\"https:\/\/schema.org\",\"@graph\":[{\"@type\":\"WebPage\",\"@id\":\"https:\/\/www.lexia.it\/es\/trabaja-con-nosotros\/\",\"url\":\"https:\/\/www.lexia.it\/wp-admin\/post.php?post=39957&action=edit&lang=es\",\"name\":\"Trabaja con nosotros - LEXIA\",\"isPartOf\":{\"@id\":\"https:\/\/www.lexia.it\/#website\"},\"datePublished\":\"2023-10-09T13:13:01+00:00\",\"dateModified\":\"2025-02-17T16:42:59+00:00\",\"description\":\"Pasi\u00f3n, colaboraci\u00f3n e innovaci\u00f3n son los pilares de Lexia. \u00danete a nuestro equipo y enfrenta desaf\u00edos complejos con soluciones innovadoras\",\"breadcrumb\":{\"@id\":\"https:\/\/www.lexia.it\/wp-admin\/post.php?post=39957&action=edit&lang=es#breadcrumb\"},\"inLanguage\":\"es\",\"potentialAction\":[{\"@type\":\"ReadAction\",\"target\":[\"https:\/\/www.lexia.it\/wp-admin\/post.php?post=39957&action=edit&lang=es\"]}]},{\"@type\":\"BreadcrumbList\",\"@id\":\"https:\/\/www.lexia.it\/wp-admin\/post.php?post=39957&action=edit&lang=es#breadcrumb\",\"itemListElement\":[{\"@type\":\"ListItem\",\"position\":1,\"name\":\"Home\",\"item\":\"https:\/\/www.lexia.it\/es\/\"},{\"@type\":\"ListItem\",\"position\":2,\"name\":\"Trabaja con nosotros\"}]},{\"@type\":\"WebSite\",\"@id\":\"https:\/\/www.lexia.it\/#website\",\"url\":\"https:\/\/www.lexia.it\/\",\"name\":\"LEXIA\",\"description\":\"\",\"potentialAction\":[{\"@type\":\"SearchAction\",\"target\":{\"@type\":\"EntryPoint\",\"urlTemplate\":\"https:\/\/www.lexia.it\/?s={search_term_string}\"},\"query-input\":{\"@type\":\"PropertyValueSpecification\",\"valueRequired\":true,\"valueName\":\"search_term_string\"}}],\"inLanguage\":\"es\"}]}<\/script>\n<!-- \/ Yoast SEO plugin. -->","yoast_head_json":{"title":"Trabaja con nosotros - LEXIA","description":"Pasi\u00f3n, colaboraci\u00f3n e innovaci\u00f3n son los pilares de Lexia. \u00danete a nuestro equipo y enfrenta desaf\u00edos complejos con soluciones innovadoras","robots":{"index":"index","follow":"follow","max-snippet":"max-snippet:-1","max-image-preview":"max-image-preview:large","max-video-preview":"max-video-preview:-1"},"canonical":"https:\/\/www.lexia.it\/wp-admin\/post.php?post=39957&action=edit&lang=es","og_locale":"es_ES","og_type":"article","og_title":"Trabaja con nosotros - LEXIA","og_description":"Pasi\u00f3n, colaboraci\u00f3n e innovaci\u00f3n son los pilares de Lexia. \u00danete a nuestro equipo y enfrenta desaf\u00edos complejos con soluciones innovadoras","og_url":"https:\/\/www.lexia.it\/wp-admin\/post.php?post=39957&action=edit&lang=es","og_site_name":"LEXIA","article_modified_time":"2025-02-17T16:42:59+00:00","twitter_card":"summary_large_image","twitter_misc":{"Tiempo de lectura":"1 minuto"},"schema":{"@context":"https:\/\/schema.org","@graph":[{"@type":"WebPage","@id":"https:\/\/www.lexia.it\/es\/trabaja-con-nosotros\/","url":"https:\/\/www.lexia.it\/wp-admin\/post.php?post=39957&action=edit&lang=es","name":"Trabaja con nosotros - LEXIA","isPartOf":{"@id":"https:\/\/www.lexia.it\/#website"},"datePublished":"2023-10-09T13:13:01+00:00","dateModified":"2025-02-17T16:42:59+00:00","description":"Pasi\u00f3n, colaboraci\u00f3n e innovaci\u00f3n son los pilares de Lexia. \u00danete a nuestro equipo y enfrenta desaf\u00edos complejos con soluciones innovadoras","breadcrumb":{"@id":"https:\/\/www.lexia.it\/wp-admin\/post.php?post=39957&action=edit&lang=es#breadcrumb"},"inLanguage":"es","potentialAction":[{"@type":"ReadAction","target":["https:\/\/www.lexia.it\/wp-admin\/post.php?post=39957&action=edit&lang=es"]}]},{"@type":"BreadcrumbList","@id":"https:\/\/www.lexia.it\/wp-admin\/post.php?post=39957&action=edit&lang=es#breadcrumb","itemListElement":[{"@type":"ListItem","position":1,"name":"Home","item":"https:\/\/www.lexia.it\/es\/"},{"@type":"ListItem","position":2,"name":"Trabaja con nosotros"}]},{"@type":"WebSite","@id":"https:\/\/www.lexia.it\/#website","url":"https:\/\/www.lexia.it\/","name":"LEXIA","description":"","potentialAction":[{"@type":"SearchAction","target":{"@type":"EntryPoint","urlTemplate":"https:\/\/www.lexia.it\/?s={search_term_string}"},"query-input":{"@type":"PropertyValueSpecification","valueRequired":true,"valueName":"search_term_string"}}],"inLanguage":"es"}]}},"_links":{"self":[{"href":"https:\/\/www.lexia.it\/es\/wp-json\/wp\/v2\/pages\/39957","targetHints":{"allow":["GET"]}}],"collection":[{"href":"https:\/\/www.lexia.it\/es\/wp-json\/wp\/v2\/pages"}],"about":[{"href":"https:\/\/www.lexia.it\/es\/wp-json\/wp\/v2\/types\/page"}],"author":[{"embeddable":true,"href":"https:\/\/www.lexia.it\/es\/wp-json\/wp\/v2\/users\/10"}],"replies":[{"embeddable":true,"href":"https:\/\/www.lexia.it\/es\/wp-json\/wp\/v2\/comments?post=39957"}],"version-history":[{"count":9,"href":"https:\/\/www.lexia.it\/es\/wp-json\/wp\/v2\/pages\/39957\/revisions"}],"predecessor-version":[{"id":54952,"href":"https:\/\/www.lexia.it\/es\/wp-json\/wp\/v2\/pages\/39957\/revisions\/54952"}],"wp:attachment":[{"href":"https:\/\/www.lexia.it\/es\/wp-json\/wp\/v2\/media?parent=39957"}],"curies":[{"name":"wp","href":"https:\/\/api.w.org\/{rel}","templated":true}]}}