{"id":39959,"date":"2023-10-09T15:23:43","date_gmt":"2023-10-09T13:23:43","guid":{"rendered":"https:\/\/lexia.studioup.site\/preferencias-de-cookies\/"},"modified":"2024-01-08T18:08:31","modified_gmt":"2024-01-08T16:08:31","slug":"preferencias-de-cookies","status":"publish","type":"page","link":"https:\/\/www.lexia.it\/es\/preferencias-de-cookies\/","title":{"rendered":"Preferencias de cookies"},"content":{"rendered":"\n<p>Este sitio web utiliza cookies.<\/p>\n\n<p>Lexia, responsable del tratamiento de datos, informa al usuario que este sitio web instala <em>cookies<\/em> t\u00e9cnicas y, previo consentimiento del usuario, puede instalar <em>cookies<\/em> no t\u00e9cnicas (por ejemplo, de perfilado), detalladas a continuaci\u00f3n en la secci\u00f3n de &#8216;preferencias&#8217;, tambi\u00e9n con el fin de enviar mensajes publicitarios acordes a las preferencias manifestadas durante la navegaci\u00f3n en l\u00ednea. El cierre de este banner mediante el bot\u00f3n &#8216;rechazar todas las cookies&#8217; permite la navegaci\u00f3n en el sitio web manteniendo la configuraci\u00f3n predeterminada (solo cookies t\u00e9cnicas). Para m\u00e1s informaci\u00f3n sobre las cookies utilizadas en el sitio, puede consultar la <strong><a href=\"https:\/\/lexia.studioup.site\/es\/cookie-policy\/\">pol\u00edtica completa de cookies.<\/a><\/strong> En cualquier momento, puede gestionar las preferencias a continuaci\u00f3n a trav\u00e9s del enlace \u00abpreferencias de cookies\u00bb que se encuentra en <em>footer<\/em> de p\u00e1gina. <\/p>\n\n<p>Las cookies son peque\u00f1os archivos de texto que los sitios web pueden utilizar para hacer m\u00e1s eficiente la experiencia del usuario.<\/p>\n\n<p><br\/>La ley establece que podemos almacenar <em>cookies<\/em> en su dispositivo si son estrictamente necesarias para el funcionamiento de este sitio. Para cualquier otro tipo de cookies, necesitamos su permiso.<br\/><br\/>Este sitio utiliza varios tipos de cookies. Algunas <em>cookies<\/em> son colocadas por servicios de terceros que aparecen en nuestras p\u00e1ginas.<\/p>\n\n<p><br\/>En cualquier momento, puede cambiar o retirar su consentimiento desde la p\u00e1gina dedicada en nuestro sitio web. Para obtener m\u00e1s informaci\u00f3n sobre las cookies utilizadas en el sitio, puede consultar la <a href=\"https:\/\/lexia.studioup.site\/es\/cookie-policy\/\"><strong>pol\u00edtica completa de cookies<\/strong><\/a>.<\/p>\n\n<p>Obtenga m\u00e1s informaci\u00f3n sobre qui\u00e9nes somos, c\u00f3mo puede contactarnos y c\u00f3mo tratamos los datos personales en nuestra <strong><a href=\"https:\/\/lexia.studioup.site\/privacy-policy\/\">Pol\u00edtica de privacidad<\/a><\/strong>.<\/p>\n","protected":false},"excerpt":{"rendered":"<p>Este sitio web utiliza cookies. Lexia, responsable del tratamiento de datos, informa al usuario que este sitio web instala cookies t\u00e9cnicas y, previo consentimiento del usuario, puede instalar cookies no t\u00e9cnicas (por ejemplo, de perfilado), detalladas a continuaci\u00f3n en la secci\u00f3n de &#8216;preferencias&#8217;, tambi\u00e9n con el fin de enviar mensajes publicitarios acordes a las preferencias &hellip; <a href=\"https:\/\/www.lexia.it\/es\/preferencias-de-cookies\/\">Continued<\/a><\/p>\n","protected":false},"author":10,"featured_media":0,"parent":0,"menu_order":0,"comment_status":"closed","ping_status":"closed","template":"","meta":{"inline_featured_image":false,"footnotes":""},"class_list":["post-39959","page","type-page","status-publish","hentry"],"acf":[],"yoast_head":"<!-- This site is optimized with the Yoast SEO plugin v25.8 - https:\/\/yoast.com\/wordpress\/plugins\/seo\/ -->\n<title>Preferencias de cookies - LEXIA<\/title>\n<meta name=\"robots\" content=\"noindex, nofollow\" \/>\n<meta property=\"og:locale\" content=\"es_ES\" \/>\n<meta property=\"og:type\" content=\"article\" \/>\n<meta property=\"og:title\" content=\"Preferencias de cookies - LEXIA\" \/>\n<meta property=\"og:description\" content=\"Este sitio web utiliza cookies. Lexia, responsable del tratamiento de datos, informa al usuario que este sitio web instala cookies t\u00e9cnicas y, previo consentimiento del usuario, puede instalar cookies no t\u00e9cnicas (por ejemplo, de perfilado), detalladas a continuaci\u00f3n en la secci\u00f3n de &#8216;preferencias&#8217;, tambi\u00e9n con el fin de enviar mensajes publicitarios acordes a las preferencias &hellip; Continued\" \/>\n<meta property=\"og:url\" content=\"https:\/\/www.lexia.it\/legal-notice\/\" \/>\n<meta property=\"og:site_name\" content=\"LEXIA\" \/>\n<meta property=\"article:modified_time\" content=\"2024-01-08T16:08:31+00:00\" \/>\n<meta name=\"twitter:card\" content=\"summary_large_image\" \/>\n<meta name=\"twitter:label1\" content=\"Tiempo de lectura\" \/>\n\t<meta name=\"twitter:data1\" content=\"1 minuto\" \/>\n<script type=\"application\/ld+json\" class=\"yoast-schema-graph\">{\"@context\":\"https:\/\/schema.org\",\"@graph\":[{\"@type\":\"WebPage\",\"@id\":\"https:\/\/www.lexia.it\/legal-notice\/\",\"url\":\"https:\/\/www.lexia.it\/legal-notice\/\",\"name\":\"Preferencias de cookies - LEXIA\",\"isPartOf\":{\"@id\":\"https:\/\/www.lexia.it\/#website\"},\"datePublished\":\"2023-10-09T13:23:43+00:00\",\"dateModified\":\"2024-01-08T16:08:31+00:00\",\"breadcrumb\":{\"@id\":\"https:\/\/www.lexia.it\/legal-notice\/#breadcrumb\"},\"inLanguage\":\"es\",\"potentialAction\":[{\"@type\":\"ReadAction\",\"target\":[\"https:\/\/www.lexia.it\/legal-notice\/\"]}]},{\"@type\":\"BreadcrumbList\",\"@id\":\"https:\/\/www.lexia.it\/legal-notice\/#breadcrumb\",\"itemListElement\":[{\"@type\":\"ListItem\",\"position\":1,\"name\":\"Home\",\"item\":\"https:\/\/www.lexia.it\/es\/\"},{\"@type\":\"ListItem\",\"position\":2,\"name\":\"Preferencias de cookies\"}]},{\"@type\":\"WebSite\",\"@id\":\"https:\/\/www.lexia.it\/#website\",\"url\":\"https:\/\/www.lexia.it\/\",\"name\":\"LEXIA\",\"description\":\"\",\"potentialAction\":[{\"@type\":\"SearchAction\",\"target\":{\"@type\":\"EntryPoint\",\"urlTemplate\":\"https:\/\/www.lexia.it\/?s={search_term_string}\"},\"query-input\":{\"@type\":\"PropertyValueSpecification\",\"valueRequired\":true,\"valueName\":\"search_term_string\"}}],\"inLanguage\":\"es\"}]}<\/script>\n<!-- \/ Yoast SEO plugin. -->","yoast_head_json":{"title":"Preferencias de cookies - LEXIA","robots":{"index":"noindex","follow":"nofollow"},"og_locale":"es_ES","og_type":"article","og_title":"Preferencias de cookies - LEXIA","og_description":"Este sitio web utiliza cookies. Lexia, responsable del tratamiento de datos, informa al usuario que este sitio web instala cookies t\u00e9cnicas y, previo consentimiento del usuario, puede instalar cookies no t\u00e9cnicas (por ejemplo, de perfilado), detalladas a continuaci\u00f3n en la secci\u00f3n de &#8216;preferencias&#8217;, tambi\u00e9n con el fin de enviar mensajes publicitarios acordes a las preferencias &hellip; Continued","og_url":"https:\/\/www.lexia.it\/legal-notice\/","og_site_name":"LEXIA","article_modified_time":"2024-01-08T16:08:31+00:00","twitter_card":"summary_large_image","twitter_misc":{"Tiempo de lectura":"1 minuto"},"schema":{"@context":"https:\/\/schema.org","@graph":[{"@type":"WebPage","@id":"https:\/\/www.lexia.it\/legal-notice\/","url":"https:\/\/www.lexia.it\/legal-notice\/","name":"Preferencias de cookies - LEXIA","isPartOf":{"@id":"https:\/\/www.lexia.it\/#website"},"datePublished":"2023-10-09T13:23:43+00:00","dateModified":"2024-01-08T16:08:31+00:00","breadcrumb":{"@id":"https:\/\/www.lexia.it\/legal-notice\/#breadcrumb"},"inLanguage":"es","potentialAction":[{"@type":"ReadAction","target":["https:\/\/www.lexia.it\/legal-notice\/"]}]},{"@type":"BreadcrumbList","@id":"https:\/\/www.lexia.it\/legal-notice\/#breadcrumb","itemListElement":[{"@type":"ListItem","position":1,"name":"Home","item":"https:\/\/www.lexia.it\/es\/"},{"@type":"ListItem","position":2,"name":"Preferencias de cookies"}]},{"@type":"WebSite","@id":"https:\/\/www.lexia.it\/#website","url":"https:\/\/www.lexia.it\/","name":"LEXIA","description":"","potentialAction":[{"@type":"SearchAction","target":{"@type":"EntryPoint","urlTemplate":"https:\/\/www.lexia.it\/?s={search_term_string}"},"query-input":{"@type":"PropertyValueSpecification","valueRequired":true,"valueName":"search_term_string"}}],"inLanguage":"es"}]}},"_links":{"self":[{"href":"https:\/\/www.lexia.it\/es\/wp-json\/wp\/v2\/pages\/39959","targetHints":{"allow":["GET"]}}],"collection":[{"href":"https:\/\/www.lexia.it\/es\/wp-json\/wp\/v2\/pages"}],"about":[{"href":"https:\/\/www.lexia.it\/es\/wp-json\/wp\/v2\/types\/page"}],"author":[{"embeddable":true,"href":"https:\/\/www.lexia.it\/es\/wp-json\/wp\/v2\/users\/10"}],"replies":[{"embeddable":true,"href":"https:\/\/www.lexia.it\/es\/wp-json\/wp\/v2\/comments?post=39959"}],"version-history":[{"count":1,"href":"https:\/\/www.lexia.it\/es\/wp-json\/wp\/v2\/pages\/39959\/revisions"}],"predecessor-version":[{"id":39960,"href":"https:\/\/www.lexia.it\/es\/wp-json\/wp\/v2\/pages\/39959\/revisions\/39960"}],"wp:attachment":[{"href":"https:\/\/www.lexia.it\/es\/wp-json\/wp\/v2\/media?parent=39959"}],"curies":[{"name":"wp","href":"https:\/\/api.w.org\/{rel}","templated":true}]}}