{"id":61779,"date":"2025-10-21T10:13:43","date_gmt":"2025-10-21T08:13:43","guid":{"rendered":"https:\/\/www.lexia.it\/?page_id=61779"},"modified":"2026-01-28T18:47:34","modified_gmt":"2026-01-28T16:47:34","slug":"private","status":"publish","type":"page","link":"https:\/\/www.lexia.it\/es\/private\/","title":{"rendered":"PRIVATE"},"content":{"rendered":"\n<p><strong>LEXIA Private<\/strong> es la pr\u00e1ctica especializada de LEXIA, creada para satisfacer las necesidades \u00fanicas de individuos, HNWIs, ultra-HNWIs y familias en la gesti\u00f3n, protecci\u00f3n y transmisi\u00f3n del patrimonio privado.<\/p>\n\n\n\n<p>LEXIA Private naci\u00f3 como respuesta a la creciente demanda de un servicio altamente especializado y hol\u00edstico, capaz de integrar de manera coherente consideraciones legales, estrat\u00e9gicas y personales. Esta divisi\u00f3n refleja la visi\u00f3n de nuestro despacho de no limitarse a ofrecer servicios corporativos e institucionales, sino tambi\u00e9n de acompa\u00f1ar a los clientes privados en las etapas cruciales de sus trayectorias personales y familiares. Las necesidades de nuestros clientes suelen estar estrechamente vinculadas con los negocios, la sucesi\u00f3n y la movilidad internacional, y LEXIA Private ha sido dise\u00f1ada para responder a estas din\u00e1micas complejas.<\/p>\n\n\n\n<p>Bajo la direcci\u00f3n de <strong>Elmira Shahbazi<\/strong>, Managing Director de LEXIA Private, nuestro equipo multidisciplinario aborda cada situaci\u00f3n con una visi\u00f3n a largo plazo, enfoc\u00e1ndose no solo en la protecci\u00f3n y valorizaci\u00f3n del patrimonio, sino tambi\u00e9n en la preservaci\u00f3n de los valores familiares y en la creaci\u00f3n de soluciones personalizadas. Gracias a su liderazgo y experiencia internacional, Elmira Shahbazi ha moldeado LEXIA Private como una realidad capaz de ofrecer un apoyo concreto y altamente cualificado a quienes enfrentan cuestiones delicadas y complejas, tanto en el \u00e1mbito personal como empresarial.<\/p>\n\n\n\n<h3 class=\"wp-block-heading\">Nuestras \u00e1reas de pr\u00e1ctica<\/h3>\n\n\n\n<ul class=\"wp-block-list\">\n<li><a href=\"https:\/\/www.lexia.it\/es\/competenza\/gestion-patrimonial-fideicomisos\/\"><\/a><a href=\"https:\/\/www.lexia.it\/es\/competenza\/gestion-patrimonial-fideicomisos\/\">Gesti\u00f3n patrimonial y fideicomisos<\/a><\/li>\n\n\n\n<li><a href=\"https:\/\/www.lexia.it\/es\/competenza\/bienes-raices-gestion-inmobiliaria\/\">Bienes ra\u00edces y gesti\u00f3n inmobiliaria<\/a><\/li>\n\n\n\n<li><a href=\"https:\/\/www.lexia.it\/es\/competenza\/movilidad-global-visados-reubicacion\/\"><\/a><a href=\"https:\/\/www.lexia.it\/es\/competenza\/movilidad-global-visados-reubicacion\/\">Movilidad global, visados y reubicaci\u00f3n<\/a><\/li>\n\n\n\n<li><a href=\"https:\/\/www.lexia.it\/es\/competenza\/patrimonio-familia-sucesiones\/\"><\/a><a href=\"https:\/\/www.lexia.it\/es\/competenza\/patrimonio-familia-sucesiones\/\">Patrimonio, familia y sucesiones<\/a><\/li>\n\n\n\n<li><a href=\"https:\/\/www.lexia.it\/es\/competenza\/derecho-arte\/\">Derecho del Arte<\/a><\/li>\n\n\n\n<li><a href=\"https:\/\/www.lexia.it\/es\/competenza\/litigios-privados-derecho-penal\/\">Litigios Privados Y Derecho Penal<\/a><\/li>\n\n\n\n<li><a href=\"https:\/\/www.lexia.it\/es\/competenza\/vessels-aircraft\/\"><\/a><a href=\"https:\/\/www.lexia.it\/es\/competenza\/vessels-aircraft\/\">Buques y Aeronaves<\/a><\/li>\n<\/ul>\n\n\n\n<h3 class=\"wp-block-heading\"><strong>Enfoque hol\u00edstico<\/strong><\/h3>\n\n\n\n<p>En LEXIA Private creemos que cada cliente merece un enfoque personal que respete su historia, anticipe su futuro y refleje sus valores. Nuestros servicios se basan en la confianza, la excelencia t\u00e9cnica y un toque verdaderamente personal, garantizando que los intereses de nuestros clientes est\u00e9n siempre en primer lugar.<\/p>\n\n\n\n<h3 class=\"wp-block-heading\">Competencia local e internacional<\/h3>\n\n\n\n<p>LEXIA Private se distingue por su capacidad para operar en un contexto internacional, manteniendo al mismo tiempo una s\u00f3lida base de competencia local. Con un equipo de profesionales altamente especializados, ofrecemos un apoyo jur\u00eddico integrado y coordinado en diferentes jurisdicciones, proporcionando soluciones a medida que responden a las necesidades espec\u00edficas de cada cliente.<\/p>\n\n\n\n<p>Nuestra red de socios de primer nivel \u2014compuesta por despachos de abogados, asesores fiscales y otros profesionales de confianza en toda Europa y m\u00e1s all\u00e1\u2014 nos permite abordar y resolver incluso las situaciones legales m\u00e1s complejas que involucran m\u00faltiples sistemas jur\u00eddicos. Gracias a esta red internacional, ofrecemos una asistencia fluida y coherente en casos de planificaci\u00f3n patrimonial, sucesi\u00f3n internacional, cuestiones fiscales transfronterizas, gesti\u00f3n de inversiones globales y operaciones inmobiliarias en diversas jurisdicciones.<\/p>\n\n\n\n<p>Nuestra experiencia en entornos jur\u00eddicos complejos \u2014que abarcan desde normativas fiscales hasta regulaciones sobre transferencias de bienes entre pa\u00edses\u2014 nos permite dise\u00f1ar e implementar estructuras legales y fiscales que protejan el patrimonio de nuestros clientes, reduzcan los riesgos y optimicen las oportunidades, cumpliendo siempre con las normativas internacionales aplicables. Adem\u00e1s, nuestro profundo conocimiento del sistema jur\u00eddico italiano nos permite ofrecer un servicio personalizado que integra perfectamente los aspectos locales e internacionales, garantizando soluciones eficaces y seguras.<\/p>\n\n\n\n<p>De este modo, <strong>LEXIA Private<\/strong> puede asistir a sus clientes con competencia y discreci\u00f3n, enfrentando los desaf\u00edos globales sin comprometer la atenci\u00f3n al detalle ni al contexto local, y ofreciendo respuestas r\u00e1pidas y eficaces en cada situaci\u00f3n.<\/p>\n\n\n\n<p><a href=\"https:\/\/www.flipsnack.com\/FB5FFFD6AED\/lexia-private\">Explora el folleto ><\/a><\/p>\n","protected":false},"excerpt":{"rendered":"<p>LEXIA Private es la pr\u00e1ctica especializada de LEXIA, creada para satisfacer las necesidades \u00fanicas de individuos, HNWIs, ultra-HNWIs y familias en la gesti\u00f3n, protecci\u00f3n y transmisi\u00f3n del patrimonio privado. LEXIA Private naci\u00f3 como respuesta a la creciente demanda de un servicio altamente especializado y hol\u00edstico, capaz de integrar de manera coherente consideraciones legales, estrat\u00e9gicas y &hellip; <a href=\"https:\/\/www.lexia.it\/es\/private\/\">Continued<\/a><\/p>\n","protected":false},"author":12,"featured_media":0,"parent":0,"menu_order":0,"comment_status":"closed","ping_status":"closed","template":"template-pagina-con-team.blade.php","meta":{"inline_featured_image":false,"footnotes":""},"class_list":["post-61779","page","type-page","status-publish","hentry"],"acf":[],"yoast_head":"<!-- This site is optimized with the Yoast SEO plugin v25.8 - https:\/\/yoast.com\/wordpress\/plugins\/seo\/ -->\n<title>PRIVATE - LEXIA<\/title>\n<meta name=\"robots\" content=\"index, follow, max-snippet:-1, max-image-preview:large, max-video-preview:-1\" \/>\n<link rel=\"canonical\" href=\"https:\/\/www.lexia.it\/es\/private\/\" \/>\n<meta property=\"og:locale\" content=\"es_ES\" \/>\n<meta property=\"og:type\" content=\"article\" \/>\n<meta property=\"og:title\" content=\"PRIVATE - LEXIA\" \/>\n<meta property=\"og:description\" content=\"LEXIA Private es la pr\u00e1ctica especializada de LEXIA, creada para satisfacer las necesidades \u00fanicas de individuos, HNWIs, ultra-HNWIs y familias en la gesti\u00f3n, protecci\u00f3n y transmisi\u00f3n del patrimonio privado. LEXIA Private naci\u00f3 como respuesta a la creciente demanda de un servicio altamente especializado y hol\u00edstico, capaz de integrar de manera coherente consideraciones legales, estrat\u00e9gicas y &hellip; Continued\" \/>\n<meta property=\"og:url\" content=\"https:\/\/www.lexia.it\/es\/private\/\" \/>\n<meta property=\"og:site_name\" content=\"LEXIA\" \/>\n<meta property=\"article:modified_time\" content=\"2026-01-28T16:47:34+00:00\" \/>\n<meta name=\"twitter:card\" content=\"summary_large_image\" \/>\n<meta name=\"twitter:label1\" content=\"Tiempo de lectura\" \/>\n\t<meta name=\"twitter:data1\" content=\"3 minutos\" \/>\n<script type=\"application\/ld+json\" class=\"yoast-schema-graph\">{\"@context\":\"https:\/\/schema.org\",\"@graph\":[{\"@type\":\"WebPage\",\"@id\":\"https:\/\/www.lexia.it\/es\/private\/\",\"url\":\"https:\/\/www.lexia.it\/es\/private\/\",\"name\":\"PRIVATE - LEXIA\",\"isPartOf\":{\"@id\":\"https:\/\/www.lexia.it\/#website\"},\"datePublished\":\"2025-10-21T08:13:43+00:00\",\"dateModified\":\"2026-01-28T16:47:34+00:00\",\"breadcrumb\":{\"@id\":\"https:\/\/www.lexia.it\/es\/private\/#breadcrumb\"},\"inLanguage\":\"es\",\"potentialAction\":[{\"@type\":\"ReadAction\",\"target\":[\"https:\/\/www.lexia.it\/es\/private\/\"]}]},{\"@type\":\"BreadcrumbList\",\"@id\":\"https:\/\/www.lexia.it\/es\/private\/#breadcrumb\",\"itemListElement\":[{\"@type\":\"ListItem\",\"position\":1,\"name\":\"Home\",\"item\":\"https:\/\/www.lexia.it\/es\/\"},{\"@type\":\"ListItem\",\"position\":2,\"name\":\"PRIVATE\"}]},{\"@type\":\"WebSite\",\"@id\":\"https:\/\/www.lexia.it\/#website\",\"url\":\"https:\/\/www.lexia.it\/\",\"name\":\"LEXIA\",\"description\":\"\",\"potentialAction\":[{\"@type\":\"SearchAction\",\"target\":{\"@type\":\"EntryPoint\",\"urlTemplate\":\"https:\/\/www.lexia.it\/?s={search_term_string}\"},\"query-input\":{\"@type\":\"PropertyValueSpecification\",\"valueRequired\":true,\"valueName\":\"search_term_string\"}}],\"inLanguage\":\"es\"}]}<\/script>\n<!-- \/ Yoast SEO plugin. -->","yoast_head_json":{"title":"PRIVATE - LEXIA","robots":{"index":"index","follow":"follow","max-snippet":"max-snippet:-1","max-image-preview":"max-image-preview:large","max-video-preview":"max-video-preview:-1"},"canonical":"https:\/\/www.lexia.it\/es\/private\/","og_locale":"es_ES","og_type":"article","og_title":"PRIVATE - LEXIA","og_description":"LEXIA Private es la pr\u00e1ctica especializada de LEXIA, creada para satisfacer las necesidades \u00fanicas de individuos, HNWIs, ultra-HNWIs y familias en la gesti\u00f3n, protecci\u00f3n y transmisi\u00f3n del patrimonio privado. LEXIA Private naci\u00f3 como respuesta a la creciente demanda de un servicio altamente especializado y hol\u00edstico, capaz de integrar de manera coherente consideraciones legales, estrat\u00e9gicas y &hellip; Continued","og_url":"https:\/\/www.lexia.it\/es\/private\/","og_site_name":"LEXIA","article_modified_time":"2026-01-28T16:47:34+00:00","twitter_card":"summary_large_image","twitter_misc":{"Tiempo de lectura":"3 minutos"},"schema":{"@context":"https:\/\/schema.org","@graph":[{"@type":"WebPage","@id":"https:\/\/www.lexia.it\/es\/private\/","url":"https:\/\/www.lexia.it\/es\/private\/","name":"PRIVATE - LEXIA","isPartOf":{"@id":"https:\/\/www.lexia.it\/#website"},"datePublished":"2025-10-21T08:13:43+00:00","dateModified":"2026-01-28T16:47:34+00:00","breadcrumb":{"@id":"https:\/\/www.lexia.it\/es\/private\/#breadcrumb"},"inLanguage":"es","potentialAction":[{"@type":"ReadAction","target":["https:\/\/www.lexia.it\/es\/private\/"]}]},{"@type":"BreadcrumbList","@id":"https:\/\/www.lexia.it\/es\/private\/#breadcrumb","itemListElement":[{"@type":"ListItem","position":1,"name":"Home","item":"https:\/\/www.lexia.it\/es\/"},{"@type":"ListItem","position":2,"name":"PRIVATE"}]},{"@type":"WebSite","@id":"https:\/\/www.lexia.it\/#website","url":"https:\/\/www.lexia.it\/","name":"LEXIA","description":"","potentialAction":[{"@type":"SearchAction","target":{"@type":"EntryPoint","urlTemplate":"https:\/\/www.lexia.it\/?s={search_term_string}"},"query-input":{"@type":"PropertyValueSpecification","valueRequired":true,"valueName":"search_term_string"}}],"inLanguage":"es"}]}},"_links":{"self":[{"href":"https:\/\/www.lexia.it\/es\/wp-json\/wp\/v2\/pages\/61779","targetHints":{"allow":["GET"]}}],"collection":[{"href":"https:\/\/www.lexia.it\/es\/wp-json\/wp\/v2\/pages"}],"about":[{"href":"https:\/\/www.lexia.it\/es\/wp-json\/wp\/v2\/types\/page"}],"author":[{"embeddable":true,"href":"https:\/\/www.lexia.it\/es\/wp-json\/wp\/v2\/users\/12"}],"replies":[{"embeddable":true,"href":"https:\/\/www.lexia.it\/es\/wp-json\/wp\/v2\/comments?post=61779"}],"version-history":[{"count":12,"href":"https:\/\/www.lexia.it\/es\/wp-json\/wp\/v2\/pages\/61779\/revisions"}],"predecessor-version":[{"id":65555,"href":"https:\/\/www.lexia.it\/es\/wp-json\/wp\/v2\/pages\/61779\/revisions\/65555"}],"wp:attachment":[{"href":"https:\/\/www.lexia.it\/es\/wp-json\/wp\/v2\/media?parent=61779"}],"curies":[{"name":"wp","href":"https:\/\/api.w.org\/{rel}","templated":true}]}}